{"id":66849,"date":"2023-02-13T06:50:55","date_gmt":"2023-02-13T06:50:55","guid":{"rendered":"https:\/\/www.danceforyou-magazine.com\/anzeigenmarkt\/"},"modified":"2026-04-20T07:36:01","modified_gmt":"2026-04-20T07:36:01","slug":"marketplace","status":"publish","type":"page","link":"https:\/\/www.danceforyou-magazine.com\/en\/marketplace\/","title":{"rendered":"MARKETPLACE"},"content":{"rendered":"<div class=\"lang-sw\">\n<p style=\"text-align: right; margin-bottom: 0px;\"><strong>Change language:<\/strong>\n<div role=\"navigation\" aria-label=\"Language Switcher\" class=\"wpml-ls-statics-shortcode_actions wpml-ls wpml-ls-legacy-list-horizontal\">\n\t<ul><li class=\"wpml-ls-slot-shortcode_actions wpml-ls-item wpml-ls-item-de wpml-ls-first-item wpml-ls-item-legacy-list-horizontal\">\n\t\t\t\t<a href=\"https:\/\/www.danceforyou-magazine.com\/\" hreflang=\"de\" lang=\"de\" class=\"wpml-ls-link\" aria-label=\"Switch to German\" title=\"Switch to German\">\n\t\t\t\t\t                                    <img decoding=\"async\"\n            class=\"wpml-ls-flag\"\n            src=\"https:\/\/www.danceforyou-magazine.com\/wp-content\/plugins\/sitepress-multilingual-cms\/res\/flags\/de.svg\"\n            alt=\"German\"\n            loading=\"lazy\"\n            width=26\n            height=26\n    \/><\/a>\n\t\t\t<\/li><li class=\"wpml-ls-slot-shortcode_actions wpml-ls-item wpml-ls-item-en wpml-ls-current-language wpml-ls-last-item wpml-ls-item-legacy-list-horizontal\">\n\t\t\t\t<a href=\"https:\/\/www.danceforyou-magazine.com\/en\/\" hreflang=\"en\" lang=\"en\" class=\"wpml-ls-link\" aria-current=\"page\" aria-label=\"Switch to English\" title=\"Switch to English\">\n\t\t\t\t\t                                    <img decoding=\"async\"\n            class=\"wpml-ls-flag\"\n            src=\"https:\/\/www.danceforyou-magazine.com\/wp-content\/plugins\/sitepress-multilingual-cms\/res\/flags\/en.svg\"\n            alt=\"English\"\n            loading=\"lazy\"\n            width=26\n            height=26\n    \/><\/a>\n\t\t\t<\/li><\/ul>\n<\/div>\n<\/p>\n<\/div>\n<p>&nbsp;<\/p>\n<p><img loading=\"lazy\" decoding=\"async\" class=\"aligncenter size-full wp-image-68960\" src=\"https:\/\/www.danceforyou-magazine.com\/wp-content\/uploads\/2026\/04\/260420-Banner_Marketplace-01.png\" alt=\"\" width=\"1260\" height=\"402\" srcset=\"https:\/\/www.danceforyou-magazine.com\/wp-content\/uploads\/2026\/04\/260420-Banner_Marketplace-01.png 1260w, https:\/\/www.danceforyou-magazine.com\/wp-content\/uploads\/2026\/04\/260420-Banner_Marketplace-01-800x255.png 800w, https:\/\/www.danceforyou-magazine.com\/wp-content\/uploads\/2026\/04\/260420-Banner_Marketplace-01-300x96.png 300w, https:\/\/www.danceforyou-magazine.com\/wp-content\/uploads\/2026\/04\/260420-Banner_Marketplace-01-768x245.png 768w, https:\/\/www.danceforyou-magazine.com\/wp-content\/uploads\/2026\/04\/260420-Banner_Marketplace-01-600x191.png 600w\" sizes=\"auto, (max-width: 1260px) 100vw, 1260px\" \/><\/p>\n<p>We are pleased that you would like to register as a user on danceforyou-magazine.com. As a registered user, you can publish your\u00a0 entries in the MARKETPLACE.<\/p>\n<p><a href=\"https:\/\/www.danceforyou-magazine.com\/en\/marketplace\/\">Here<\/a> you can submit your offers and requests as paid self\u2011service listings.<br \/>\n<strong>Price for up to six months:<\/strong><br \/>\n<strong>\u20ac129 plus VAT<\/strong> (text entry with image\/logo or video via YouTube link).<\/p>\n<p><strong>\u2022 Dance Jobs \u2022\u00a0 Training \u2022 Buying &amp; Selling<\/strong><\/p>\n<p>For online publication, please contact: service@danceforyou-magazine.com<\/p>\n<hr \/>\n\t\t<div class=\"k-borse-ad\">\n\t\t\t\t\t\t<div class=\"k-borse-ad-content\">\n\t\t\t\t<div class=\"k-borse-img-thumb\">\n\t\t\t\t\t<a href=\"https:\/\/www.danceforyou-magazine.com\/en\/borse_ad\/4-x-mobile-doppel-profi-ballettstangen\/\"><img loading=\"lazy\" decoding=\"async\" width=\"1600\" height=\"1200\" src=\"https:\/\/www.danceforyou-magazine.com\/wp-content\/uploads\/2025\/08\/WhatsApp-Bild-2025-08-05-um-16.10.26_84ca5724.jpg\" class=\"attachment-post-thumbnail size-post-thumbnail wp-post-image\" alt=\"\" srcset=\"https:\/\/www.danceforyou-magazine.com\/wp-content\/uploads\/2025\/08\/WhatsApp-Bild-2025-08-05-um-16.10.26_84ca5724.jpg 1600w, https:\/\/www.danceforyou-magazine.com\/wp-content\/uploads\/2025\/08\/WhatsApp-Bild-2025-08-05-um-16.10.26_84ca5724-300x225.jpg 300w, https:\/\/www.danceforyou-magazine.com\/wp-content\/uploads\/2025\/08\/WhatsApp-Bild-2025-08-05-um-16.10.26_84ca5724-1024x768.jpg 1024w, https:\/\/www.danceforyou-magazine.com\/wp-content\/uploads\/2025\/08\/WhatsApp-Bild-2025-08-05-um-16.10.26_84ca5724-768x576.jpg 768w, https:\/\/www.danceforyou-magazine.com\/wp-content\/uploads\/2025\/08\/WhatsApp-Bild-2025-08-05-um-16.10.26_84ca5724-1536x1152.jpg 1536w, https:\/\/www.danceforyou-magazine.com\/wp-content\/uploads\/2025\/08\/WhatsApp-Bild-2025-08-05-um-16.10.26_84ca5724-600x450.jpg 600w\" sizes=\"auto, (max-width: 1600px) 100vw, 1600px\" \/>\t\t\t\t\t<\/a>\n\t\t\t\t<\/div>\n\n\t\t\t\t<div class=\"k-borse-ad-text\">\n\t\t\t\t\t<h3><a class=\"k-borse-link\" href=\"https:\/\/www.danceforyou-magazine.com\/en\/borse_ad\/4-x-mobile-doppel-profi-ballettstangen\/\">4 x Mobile Doppel Profi-Ballettstangen<\/a><\/h3>\n\t\t\t\t\t<div class=\"k-borse-text-content\">\n\t\t\t\t\t\t<p>Mobile Ballett Stangen f\u00fcr Profis von Dynamica 4x Doppelstangen a 3 m lang. Doppelte Profi-Ballettstangen, je 3 Meter, Premium Mobile von Dynamica, Ideal f\u00fcr T\u00e4nzerinnen und T\u00e4nzer, die Wert auf Flexibilit\u00e4t und individuelle Gestaltung legen. Stabil und leicht zu Aufbauen und zu transportieren.\u00a0 Gebraucht, fast 3 Jahre alt. Neupreis pro St\u00fcck 1627 \u20ac.&nbsp; Einzelverkauf m\u00f6glich [&hellip;]\n\t\t\t\t\t<\/div>\n\t\t\t\t\t<div class=\"k-borse-date\">\n\t\t\t\t\t\t<small>Added: 05-08-2025<\/small>\n\t\t\t\t\t<\/div>\n\t\t\t\t<\/div>\n\n\t\t\t<\/div>\n\t\t<\/div>\n\t\t\t\t<div class=\"k-borse-ad\">\n\t\t\t\t\t\t<div class=\"k-borse-ad-content\">\n\t\t\t\t<div class=\"k-borse-img-thumb\">\n\t\t\t\t\t<a href=\"https:\/\/www.danceforyou-magazine.com\/en\/borse_ad\/kinder-ballett-tutus\/\"><img loading=\"lazy\" decoding=\"async\" width=\"1512\" height=\"2016\" src=\"https:\/\/www.danceforyou-magazine.com\/wp-content\/uploads\/2023\/05\/IMG_4217-rotated.jpg\" class=\"attachment-post-thumbnail size-post-thumbnail wp-post-image\" alt=\"\" srcset=\"https:\/\/www.danceforyou-magazine.com\/wp-content\/uploads\/2023\/05\/IMG_4217-rotated.jpg 1512w, https:\/\/www.danceforyou-magazine.com\/wp-content\/uploads\/2023\/05\/IMG_4217-225x300.jpg 225w, https:\/\/www.danceforyou-magazine.com\/wp-content\/uploads\/2023\/05\/IMG_4217-768x1024.jpg 768w, https:\/\/www.danceforyou-magazine.com\/wp-content\/uploads\/2023\/05\/IMG_4217-1152x1536.jpg 1152w, https:\/\/www.danceforyou-magazine.com\/wp-content\/uploads\/2023\/05\/IMG_4217-300x400.jpg 300w, https:\/\/www.danceforyou-magazine.com\/wp-content\/uploads\/2023\/05\/IMG_4217-600x800.jpg 600w\" sizes=\"auto, (max-width: 1512px) 100vw, 1512px\" \/>\t\t\t\t\t<\/a>\n\t\t\t\t<\/div>\n\n\t\t\t\t<div class=\"k-borse-ad-text\">\n\t\t\t\t\t<h3><a class=\"k-borse-link\" href=\"https:\/\/www.danceforyou-magazine.com\/en\/borse_ad\/kinder-ballett-tutus\/\">Kinder Ballett Tutus<\/a><\/h3>\n\t\t\t\t\t<div class=\"k-borse-text-content\">\n\t\t\t\t\t\t<p>VERKAUFE RESTBESTAND Neuwertig und ungetragen, Originalverpackt. Ballettkleider f\u00fcr Kinder, ideal f\u00fcr Ihre Ballettauff\u00fchrung. Gr\u00f6ssen: 5 x XLC (140-152) und 1 x MC (134) Neupreis 69,90 Euro Zu verkaufen f\u00fcr 27,00 Euro pro St\u00fcck Anfragen und Kontakt: aregantes@gmail.com Gr\u00f6sse: 5 x Gr. LG (152) &nbsp;<\/p>\n\t\t\t\t\t<\/div>\n\t\t\t\t\t<div class=\"k-borse-date\">\n\t\t\t\t\t\t<small>Added: 03-05-2025<\/small>\n\t\t\t\t\t<\/div>\n\t\t\t\t<\/div>\n\n\t\t\t<\/div>\n\t\t<\/div>\n\t\t\t\t<div class=\"k-borse-ad\">\n\t\t\t\t\t\t<div class=\"k-borse-ad-content\">\n\t\t\t\t<div class=\"k-borse-img-thumb\">\n\t\t\t\t\t<a href=\"https:\/\/www.danceforyou-magazine.com\/en\/borse_ad\/verkaufe-buehnenkostueme-fuer-ballettauffuehrungen-fuer-kinder-und-jugendliche\/\"><img loading=\"lazy\" decoding=\"async\" width=\"947\" height=\"899\" src=\"https:\/\/www.danceforyou-magazine.com\/wp-content\/uploads\/2023\/02\/Vieru2-031.jpg\" class=\"attachment-post-thumbnail size-post-thumbnail wp-post-image\" alt=\"\" srcset=\"https:\/\/www.danceforyou-magazine.com\/wp-content\/uploads\/2023\/02\/Vieru2-031.jpg 947w, https:\/\/www.danceforyou-magazine.com\/wp-content\/uploads\/2023\/02\/Vieru2-031-300x285.jpg 300w, https:\/\/www.danceforyou-magazine.com\/wp-content\/uploads\/2023\/02\/Vieru2-031-768x729.jpg 768w, https:\/\/www.danceforyou-magazine.com\/wp-content\/uploads\/2023\/02\/Vieru2-031-600x570.jpg 600w\" sizes=\"auto, (max-width: 947px) 100vw, 947px\" \/>\t\t\t\t\t<\/a>\n\t\t\t\t<\/div>\n\n\t\t\t\t<div class=\"k-borse-ad-text\">\n\t\t\t\t\t<h3><a class=\"k-borse-link\" href=\"https:\/\/www.danceforyou-magazine.com\/en\/borse_ad\/verkaufe-buehnenkostueme-fuer-ballettauffuehrungen-fuer-kinder-und-jugendliche\/\">Verkaufe B\u00fchnenkost\u00fcme f\u00fcr Ballettauff\u00fchrungen f\u00fcr Kinder und Jugendliche<\/a><\/h3>\n\t\t\t\t\t<div class=\"k-borse-text-content\">\n\t\t\t\t\t\t<p>Verkaufe B\u00fchnenkost\u00fcme von Ballettauff\u00fchrungen f\u00fcr Kinder und Jugendliche. Die Kost\u00fcme sind aus dem Ballettschulfundus. Infos, Fotos und Gr\u00f6\u00dfen von Restbest\u00e4nden auf Anfrage an: ballett712@gmail.com<\/p>\n\t\t\t\t\t<\/div>\n\t\t\t\t\t<div class=\"k-borse-date\">\n\t\t\t\t\t\t<small>Added: 13-02-2023<\/small>\n\t\t\t\t\t<\/div>\n\t\t\t\t<\/div>\n\n\t\t\t<\/div>\n\t\t<\/div>\n\t\t\t\t<div class=\"k-borse-ad\">\n\t\t\t\t\t\t<div class=\"k-borse-ad-content\">\n\t\t\t\t<div class=\"k-borse-img-thumb\">\n\t\t\t\t\t<a href=\"https:\/\/www.danceforyou-magazine.com\/en\/borse_ad\/ballettschule-im-nuernberger-land-zu-verkaufen\/\">\t\t\t\t\t\t\t<img decoding=\"async\" alt=\"Default Borse Image\" src=\"https:\/\/www.danceforyou-magazine.com\/wp-content\/themes\/danceforyou\/assets\/placeholder.jpg\">\n\t\t\t\t\t\t\t\t\t\t\t<\/a>\n\t\t\t\t<\/div>\n\n\t\t\t\t<div class=\"k-borse-ad-text\">\n\t\t\t\t\t<h3><a class=\"k-borse-link\" href=\"https:\/\/www.danceforyou-magazine.com\/en\/borse_ad\/ballettschule-im-nuernberger-land-zu-verkaufen\/\">BALLETTSCHULE IM N\u00dcRNBERGER LAND ZU VERKAUFEN<\/a><\/h3>\n\t\t\t\t\t<div class=\"k-borse-text-content\">\n\t\t\t\t\t\t<p>Die Ballettschule ist seit \u00fcber 20 Jahren erfolgreich am Standort etabliert. Ein fester Kundenstamm mit etwa 170+ angemeldeten Sch\u00fclern ist vorhanden mit konstanten Ums\u00e4tzen. Schule f\u00fcr klassisches Ballett, Kinderballett und Freedance\/Contemporary zus\u00e4tzlich Orientalischer Tanz und Gymnastik Dance. Aufgrund pers\u00f6nlicher Gr\u00fcnde muss ich meine Ballettschule aufgeben \/ verkaufen. M\u00f6glichst zum neuen Schuljahr 2022\/2023 hin. K\u00e4me es [&hellip;]\n\t\t\t\t\t<\/div>\n\t\t\t\t\t<div class=\"k-borse-date\">\n\t\t\t\t\t\t<small>Added: 09-02-2023<\/small>\n\t\t\t\t\t<\/div>\n\t\t\t\t<\/div>\n\n\t\t\t<\/div>\n\t\t<\/div>\n\t\t\n","protected":false},"excerpt":{"rendered":"<p>Change language: &nbsp; We are pleased that you would like to register as a user on danceforyou-magazine.com. As a registered user, you can publish your\u00a0 entries in the MARKETPLACE. Here you can submit your offers and requests as paid self\u2011service listings. Price for up to six months: \u20ac129 plus VAT (text entry with image\/logo or [&hellip;]<\/p>\n","protected":false},"author":5,"featured_media":0,"parent":0,"menu_order":0,"comment_status":"closed","ping_status":"closed","template":"","meta":{"_acf_changed":false,"footnotes":""},"class_list":["post-66849","page","type-page","status-publish","hentry"],"acf":[],"_links":{"self":[{"href":"https:\/\/www.danceforyou-magazine.com\/en\/wp-json\/wp\/v2\/pages\/66849","targetHints":{"allow":["GET"]}}],"collection":[{"href":"https:\/\/www.danceforyou-magazine.com\/en\/wp-json\/wp\/v2\/pages"}],"about":[{"href":"https:\/\/www.danceforyou-magazine.com\/en\/wp-json\/wp\/v2\/types\/page"}],"author":[{"embeddable":true,"href":"https:\/\/www.danceforyou-magazine.com\/en\/wp-json\/wp\/v2\/users\/5"}],"replies":[{"embeddable":true,"href":"https:\/\/www.danceforyou-magazine.com\/en\/wp-json\/wp\/v2\/comments?post=66849"}],"version-history":[{"count":18,"href":"https:\/\/www.danceforyou-magazine.com\/en\/wp-json\/wp\/v2\/pages\/66849\/revisions"}],"predecessor-version":[{"id":68962,"href":"https:\/\/www.danceforyou-magazine.com\/en\/wp-json\/wp\/v2\/pages\/66849\/revisions\/68962"}],"wp:attachment":[{"href":"https:\/\/www.danceforyou-magazine.com\/en\/wp-json\/wp\/v2\/media?parent=66849"}],"curies":[{"name":"wp","href":"https:\/\/api.w.org\/{rel}","templated":true}]}}