{"id":30802,"date":"2018-05-15T09:31:31","date_gmt":"2018-05-15T09:31:31","guid":{"rendered":"https:\/\/www.danceforyou-magazine.com\/?page_id=30802"},"modified":"2018-05-15T09:52:20","modified_gmt":"2018-05-15T09:52:20","slug":"vielen-dank","status":"publish","type":"page","link":"https:\/\/www.danceforyou-magazine.com\/en\/vielen-dank\/","title":{"rendered":"Vielen Dank"},"content":{"rendered":"<p>Vielen Dank, dass Sie sich entschieden haben, weiterhin die Newsletter von Dance for You Magazine zu beziehen.<br \/>\nWir respektieren Ihre Privatsph\u00e4re und werden Ihnen keine nutzlose Informationen senden. Unser Ziel ist es, Sie auch zuk\u00fcnftig zu inspirieren, Ihnen interessante Tipps und News aus der Tanzwelt zu geben. Genau wie jetzt k\u00f6nnen Sie sich auch in Zukunft jederzeit entscheiden, den Newsletter wieder abzubestellen.<\/p>\n","protected":false},"excerpt":{"rendered":"<p>Vielen Dank, dass Sie sich entschieden haben, weiterhin die Newsletter von Dance for You Magazine zu beziehen. Wir respektieren Ihre Privatsph\u00e4re und werden Ihnen keine nutzlose Informationen senden. Unser Ziel ist es, Sie auch zuk\u00fcnftig zu inspirieren, Ihnen interessante Tipps und News aus der Tanzwelt zu geben. Genau wie jetzt k\u00f6nnen Sie sich auch in [&hellip;]<\/p>\n","protected":false},"author":5,"featured_media":0,"parent":0,"menu_order":0,"comment_status":"closed","ping_status":"closed","template":"","meta":{"_acf_changed":false,"footnotes":""},"class_list":["post-30802","page","type-page","status-publish","hentry"],"acf":[],"_links":{"self":[{"href":"https:\/\/www.danceforyou-magazine.com\/en\/wp-json\/wp\/v2\/pages\/30802","targetHints":{"allow":["GET"]}}],"collection":[{"href":"https:\/\/www.danceforyou-magazine.com\/en\/wp-json\/wp\/v2\/pages"}],"about":[{"href":"https:\/\/www.danceforyou-magazine.com\/en\/wp-json\/wp\/v2\/types\/page"}],"author":[{"embeddable":true,"href":"https:\/\/www.danceforyou-magazine.com\/en\/wp-json\/wp\/v2\/users\/5"}],"replies":[{"embeddable":true,"href":"https:\/\/www.danceforyou-magazine.com\/en\/wp-json\/wp\/v2\/comments?post=30802"}],"version-history":[{"count":2,"href":"https:\/\/www.danceforyou-magazine.com\/en\/wp-json\/wp\/v2\/pages\/30802\/revisions"}],"predecessor-version":[{"id":30806,"href":"https:\/\/www.danceforyou-magazine.com\/en\/wp-json\/wp\/v2\/pages\/30802\/revisions\/30806"}],"wp:attachment":[{"href":"https:\/\/www.danceforyou-magazine.com\/en\/wp-json\/wp\/v2\/media?parent=30802"}],"curies":[{"name":"wp","href":"https:\/\/api.w.org\/{rel}","templated":true}]}}