{"id":29749,"date":"2018-01-28T08:27:45","date_gmt":"2018-01-28T08:27:45","guid":{"rendered":"https:\/\/www.danceforyou-magazine.com\/?page_id=29749"},"modified":"2025-05-26T06:18:14","modified_gmt":"2025-05-26T06:18:14","slug":"schools","status":"publish","type":"page","link":"https:\/\/www.danceforyou-magazine.com\/en\/schools\/","title":{"rendered":"Schools\/Teaching Certification"},"content":{"rendered":"<p><a href='https:\/\/www.danceforyou-magazine.com\/en\/school\/ballett-akademie-vieru\/'>BALLETT AKADEMIE VIERU<\/a><br><span style='font-style:italic'>Landwehrstr. 44, 97421 Schweinfurt Taufkirchenerstra\u00dfe 17, 85435 Erding<\/span><br><span style='font-style:italic'>97421 Schweinfurt<\/span><br><a href='https:\/\/www.danceforyou-magazine.com\/en\/school\/ballett-akademie-vieru\/'>Details &raquo<\/a><p><a href='https:\/\/www.danceforyou-magazine.com\/en\/school\/ballett-akademie-hochschule-fur-musik-und-theater-munchen\/'>Ballett-Akademie &#8211; Hochschule f\u00fcr Musik und Theater M\u00fcnchen<\/a><br><span style='font-style:italic'>Wilhelmstr. 19 <\/span><br><span style='font-style:italic'>80801 M\u00fcnchen<\/span><br><a href='https:\/\/www.danceforyou-magazine.com\/en\/school\/ballett-akademie-hochschule-fur-musik-und-theater-munchen\/'>Details & Map &raquo<\/a><p><a href='https:\/\/www.danceforyou-magazine.com\/en\/school\/ballettakademie-der-wiener-staatsoper\/'>BALLETTAKADEMIE DER WIENER STAATSOPER<\/a><br><span style='font-style:italic'>Goethegasse 1<\/span><br><span style='font-style:italic'>1010 Wien \u00d6sterreich<\/span><br><a href='https:\/\/www.danceforyou-magazine.com\/en\/school\/ballettakademie-der-wiener-staatsoper\/'>Details &raquo<\/a><p><a href='https:\/\/www.danceforyou-magazine.com\/en\/school\/ballettschule-des-hamburg-ballett-john-neumeier\/'>BALLETTSCHULE DES HAMBURG BALLETT &#8211; JOHN NEUMEIER<\/a><br><span style='font-style:italic'>Caspar-Voght-Stra\u00dfe 54<\/span><br><span style='font-style:italic'>20535 Hamburg<\/span><br><a href='https:\/\/www.danceforyou-magazine.com\/en\/school\/ballettschule-des-hamburg-ballett-john-neumeier\/'>Details &raquo<\/a><p><a href='https:\/\/www.danceforyou-magazine.com\/en\/school\/ballettschule-theater-basel\/'>Ballettschule Theater Basel<\/a><br><span style='font-style:italic'>Theater Basel, Elisabethenstrasse 16, 4010 Basel, Schweiz<\/span><br><span style='font-style:italic'>4010 Basel Schweiz<\/span><br><a href='https:\/\/www.danceforyou-magazine.com\/en\/school\/ballettschule-theater-basel\/'>Details & Map &raquo<\/a><p><a href='https:\/\/www.danceforyou-magazine.com\/en\/school\/ballett-dienstag-mit-armando-braswell\/'>BRASWELL ARTS CENTER<\/a><br><span style='font-style:italic'>Austrasse 19, 4051 Basel Schweiz<\/span><br><span style='font-style:italic'>4051 Basel Schweiz<\/span><br><a href='https:\/\/www.danceforyou-magazine.com\/en\/school\/ballett-dienstag-mit-armando-braswell\/'>Details & Map &raquo<\/a><p><a href='https:\/\/www.danceforyou-magazine.com\/en\/school\/cdsh-contemporary-dance-school-hamburg\/'>CDSH &#8211; CONTEMPORARY DANCE SCHOOL HAMBURG<\/a><br><span style='font-style:italic'>Stresemannstra\u00dfe 374, Eingang B<\/span><br><span style='font-style:italic'>22761 Hamburg<\/span><br><a href='https:\/\/www.danceforyou-magazine.com\/en\/school\/cdsh-contemporary-dance-school-hamburg\/'>Details &raquo<\/a><p><a href='https:\/\/www.danceforyou-magazine.com\/en\/school\/international-dance-academy-berlin\/'>INTERNATIONAL DANCE ACADEMY BERLIN<\/a><br><span style='font-style:italic'>Rheinstr.45-46 12161 Berlin<\/span><br><span style='font-style:italic'>12161<\/span><br><a href='https:\/\/www.danceforyou-magazine.com\/en\/school\/international-dance-academy-berlin\/'>Details &raquo<\/a><p><a href='https:\/\/www.danceforyou-magazine.com\/en\/school\/iwanson-international\/'>IWANSON INTERNATIONAL<\/a><br><span style='font-style:italic'>Adi-Maislinger-Str.12<\/span><br><span style='font-style:italic'>81373 M\u00fcnchen<\/span><br><a href='https:\/\/www.danceforyou-magazine.com\/en\/school\/iwanson-international\/'>Details &raquo<\/a><p><a href='https:\/\/www.danceforyou-magazine.com\/en\/school\/professional-dance-academy-new-york-city-dance-school-gmbh\/'>Professional Dance Academy   &#8211; New York City Dance School GmbH<\/a><br><span style='font-style:italic'>Leitzstra\u00dfe 4<\/span><br><span style='font-style:italic'>70469 Stuttgart<\/span><br><a href='https:\/\/www.danceforyou-magazine.com\/en\/school\/professional-dance-academy-new-york-city-dance-school-gmbh\/'>Details & Map &raquo<\/a><p><a href='https:\/\/www.danceforyou-magazine.com\/en\/school\/staatliche-ballettschule-berlin\/'>Staatliche Ballettschule Berlin<\/a><br><span style='font-style:italic'>Erich-Weinert-Str. 103, D-10409 Berlin<\/span><br><span style='font-style:italic'>10409 Berlin<\/span><br><a href='https:\/\/www.danceforyou-magazine.com\/en\/school\/staatliche-ballettschule-berlin\/'>Details &raquo<\/a><p><a href='https:\/\/www.danceforyou-magazine.com\/en\/school\/staatliche-hochschule-fur-musik-und-darstellende-kunst-akademie-des-tanzes\/'>Staatliche Hochschule f\u00fcr Musik und Darstellende Kunst-Akademie des Tanzes<\/a><br><span style='font-style:italic'>N 17,18<\/span><br><span style='font-style:italic'>68161 Mannheim<\/span><br><a href='https:\/\/www.danceforyou-magazine.com\/en\/school\/staatliche-hochschule-fur-musik-und-darstellende-kunst-akademie-des-tanzes\/'>Details &raquo<\/a><p><a href='https:\/\/www.danceforyou-magazine.com\/en\/school\/tanz-akademie-zurich-zurcher-hochschule-der-kunste\/'>Tanz Akademie Z\u00fcrich Z\u00fcrcher Hochschule der K\u00fcnste<\/a><br><span style='font-style:italic'>Toni-Areal, Pfingstweidstrasse 96, Postfach, 8031 Z\u00fcrich<\/span><br><span style='font-style:italic'>8031, Z\u00fcrich, Schweiz<\/span><br><a href='https:\/\/www.danceforyou-magazine.com\/en\/school\/tanz-akademie-zurich-zurcher-hochschule-der-kunste\/'>Details &raquo<\/a><p><a href='https:\/\/www.danceforyou-magazine.com\/en\/school\/tanz-und-theaterwerkstatt-e-v\/'>Tanz- und Theaterwerkstatt e.V.<\/a><br><span style='font-style:italic'>Hindenburg Str. 29<\/span><br><span style='font-style:italic'>71638 Ludwigsburg<\/span><br><a href='https:\/\/www.danceforyou-magazine.com\/en\/school\/tanz-und-theaterwerkstatt-e-v\/'>Details &raquo<\/a><p><a href='https:\/\/www.danceforyou-magazine.com\/en\/school\/tanzparterre\/'>Tanzparterre<\/a><br><span style='font-style:italic'>Himmelstr. 10-16<\/span><br><span style='font-style:italic'>70565 Hamburg<\/span><br><a href='https:\/\/www.danceforyou-magazine.com\/en\/school\/tanzparterre\/'>Details &raquo<\/a>\n","protected":false},"excerpt":{"rendered":"","protected":false},"author":1,"featured_media":0,"parent":0,"menu_order":0,"comment_status":"closed","ping_status":"closed","template":"","meta":{"_acf_changed":false,"footnotes":""},"class_list":["post-29749","page","type-page","status-publish","hentry"],"acf":[],"_links":{"self":[{"href":"https:\/\/www.danceforyou-magazine.com\/en\/wp-json\/wp\/v2\/pages\/29749","targetHints":{"allow":["GET"]}}],"collection":[{"href":"https:\/\/www.danceforyou-magazine.com\/en\/wp-json\/wp\/v2\/pages"}],"about":[{"href":"https:\/\/www.danceforyou-magazine.com\/en\/wp-json\/wp\/v2\/types\/page"}],"author":[{"embeddable":true,"href":"https:\/\/www.danceforyou-magazine.com\/en\/wp-json\/wp\/v2\/users\/1"}],"replies":[{"embeddable":true,"href":"https:\/\/www.danceforyou-magazine.com\/en\/wp-json\/wp\/v2\/comments?post=29749"}],"version-history":[{"count":3,"href":"https:\/\/www.danceforyou-magazine.com\/en\/wp-json\/wp\/v2\/pages\/29749\/revisions"}],"predecessor-version":[{"id":60136,"href":"https:\/\/www.danceforyou-magazine.com\/en\/wp-json\/wp\/v2\/pages\/29749\/revisions\/60136"}],"wp:attachment":[{"href":"https:\/\/www.danceforyou-magazine.com\/en\/wp-json\/wp\/v2\/media?parent=29749"}],"curies":[{"name":"wp","href":"https:\/\/api.w.org\/{rel}","templated":true}]}}